{"id":31858,"date":"2021-03-25T07:31:46","date_gmt":"2021-03-25T07:31:46","guid":{"rendered":"https:\/\/europeanlung.org\/accessibility\/"},"modified":"2023-09-05T09:50:14","modified_gmt":"2023-09-05T08:50:14","slug":"accessibility","status":"publish","type":"page","link":"https:\/\/europeanlung.org\/es\/accessibility\/","title":{"rendered":"Accessibility"},"content":{"rendered":"","protected":false},"excerpt":{"rendered":"","protected":false},"author":1,"featured_media":0,"parent":0,"menu_order":0,"comment_status":"closed","ping_status":"closed","template":"page-components.php","meta":{"_acf_changed":false,"footnotes":""},"categories":[],"class_list":["post-31858","page","type-page","status-publish","hentry"],"acf":[],"yoast_head":"<!-- This site is optimized with the Yoast SEO plugin v27.2 - https:\/\/yoast.com\/product\/yoast-seo-wordpress\/ -->\n<title>Accesibilidad | European Lung Foundation<\/title>\n<meta name=\"description\" content=\"Nuestro objetivo es garantizar que la mayor cantidad de contenido posible dentro de nuestro sitio web sea accesible para todos. Tambi\u00e9n se ha creado una gu\u00eda de ayuda para ayudar con la navegaci\u00f3n en el sitio.\" \/>\n<meta name=\"robots\" content=\"index, follow, max-snippet:-1, max-image-preview:large, max-video-preview:-1\" \/>\n<meta property=\"og:locale\" content=\"es_ES\" \/>\n<meta property=\"og:type\" content=\"article\" \/>\n<meta property=\"og:title\" content=\"Accesibilidad | European Lung Foundation\" \/>\n<meta property=\"og:description\" content=\"Nuestro objetivo es garantizar que la mayor cantidad de contenido posible dentro de nuestro sitio web sea accesible para todos. Tambi\u00e9n se ha creado una gu\u00eda de ayuda para ayudar con la navegaci\u00f3n en el sitio.\" \/>\n<meta property=\"og:url\" content=\"https:\/\/europeanlung.org\/es\/accessibility\/\" \/>\n<meta property=\"og:site_name\" content=\"European Lung Foundation\" \/>\n<meta property=\"article:publisher\" content=\"https:\/\/www.facebook.com\/europeanlungfoundation\" \/>\n<meta property=\"article:modified_time\" content=\"2023-09-05T08:50:14+00:00\" \/>\n<meta property=\"og:image\" content=\"https:\/\/europeanlung.org\/wp-content\/uploads\/2021\/04\/IMG_9945.jpg\" \/>\n\t<meta property=\"og:image:width\" content=\"766\" \/>\n\t<meta property=\"og:image:height\" content=\"430\" \/>\n\t<meta property=\"og:image:type\" content=\"image\/jpeg\" \/>\n<meta name=\"twitter:card\" content=\"summary_large_image\" \/>\n<meta name=\"twitter:site\" content=\"@EuropeanLung\" \/>\n<script type=\"application\/ld+json\" class=\"yoast-schema-graph\">{\"@context\":\"https:\/\/schema.org\",\"@graph\":[{\"@type\":\"WebPage\",\"@id\":\"https:\/\/europeanlung.org\/es\/accessibility\/\",\"url\":\"https:\/\/europeanlung.org\/es\/accessibility\/\",\"name\":\"Accesibilidad | European Lung Foundation\",\"isPartOf\":{\"@id\":\"https:\/\/europeanlung.org\/es\/#website\"},\"datePublished\":\"2021-03-25T07:31:46+00:00\",\"dateModified\":\"2023-09-05T08:50:14+00:00\",\"description\":\"Nuestro objetivo es garantizar que la mayor cantidad de contenido posible dentro de nuestro sitio web sea accesible para todos. Tambi\u00e9n se ha creado una gu\u00eda de ayuda para ayudar con la navegaci\u00f3n en el sitio.\",\"breadcrumb\":{\"@id\":\"https:\/\/europeanlung.org\/es\/accessibility\/#breadcrumb\"},\"inLanguage\":\"es\",\"potentialAction\":[{\"@type\":\"ReadAction\",\"target\":[\"https:\/\/europeanlung.org\/es\/accessibility\/\"]}]},{\"@type\":\"BreadcrumbList\",\"@id\":\"https:\/\/europeanlung.org\/es\/accessibility\/#breadcrumb\",\"itemListElement\":[{\"@type\":\"ListItem\",\"position\":1,\"name\":\"Home\",\"item\":\"https:\/\/europeanlung.org\/es\/\"},{\"@type\":\"ListItem\",\"position\":2,\"name\":\"Accessibility\"}]},{\"@type\":\"WebSite\",\"@id\":\"https:\/\/europeanlung.org\/es\/#website\",\"url\":\"https:\/\/europeanlung.org\/es\/\",\"name\":\"European Lung Foundation\",\"description\":\"\",\"publisher\":{\"@id\":\"https:\/\/europeanlung.org\/es\/#organization\"},\"potentialAction\":[{\"@type\":\"SearchAction\",\"target\":{\"@type\":\"EntryPoint\",\"urlTemplate\":\"https:\/\/europeanlung.org\/es\/?s={search_term_string}\"},\"query-input\":{\"@type\":\"PropertyValueSpecification\",\"valueRequired\":true,\"valueName\":\"search_term_string\"}}],\"inLanguage\":\"es\"},{\"@type\":\"Organization\",\"@id\":\"https:\/\/europeanlung.org\/es\/#organization\",\"name\":\"European Lung Foundation\",\"url\":\"https:\/\/europeanlung.org\/es\/\",\"logo\":{\"@type\":\"ImageObject\",\"inLanguage\":\"es\",\"@id\":\"https:\/\/europeanlung.org\/es\/#\/schema\/logo\/image\/\",\"url\":\"https:\/\/europeanlung.org\/wp-content\/uploads\/2021\/04\/IMG_9945.jpg\",\"contentUrl\":\"https:\/\/europeanlung.org\/wp-content\/uploads\/2021\/04\/IMG_9945.jpg\",\"width\":766,\"height\":430,\"caption\":\"European Lung Foundation\"},\"image\":{\"@id\":\"https:\/\/europeanlung.org\/es\/#\/schema\/logo\/image\/\"},\"sameAs\":[\"https:\/\/www.facebook.com\/europeanlungfoundation\",\"https:\/\/x.com\/EuropeanLung\",\"https:\/\/www.instagram.com\/european_lung\/\",\"https:\/\/www.linkedin.com\/company\/european-lung-foundation\/\",\"https:\/\/www.youtube.com\/channel\/UCLd4kEScoQtBGhxVQAogNlQ\"]}]}<\/script>\n<!-- \/ Yoast SEO plugin. -->","yoast_head_json":{"title":"Accesibilidad | European Lung Foundation","description":"Nuestro objetivo es garantizar que la mayor cantidad de contenido posible dentro de nuestro sitio web sea accesible para todos. Tambi\u00e9n se ha creado una gu\u00eda de ayuda para ayudar con la navegaci\u00f3n en el sitio.","robots":{"index":"index","follow":"follow","max-snippet":"max-snippet:-1","max-image-preview":"max-image-preview:large","max-video-preview":"max-video-preview:-1"},"og_locale":"es_ES","og_type":"article","og_title":"Accesibilidad | European Lung Foundation","og_description":"Nuestro objetivo es garantizar que la mayor cantidad de contenido posible dentro de nuestro sitio web sea accesible para todos. Tambi\u00e9n se ha creado una gu\u00eda de ayuda para ayudar con la navegaci\u00f3n en el sitio.","og_url":"https:\/\/europeanlung.org\/es\/accessibility\/","og_site_name":"European Lung Foundation","article_publisher":"https:\/\/www.facebook.com\/europeanlungfoundation","article_modified_time":"2023-09-05T08:50:14+00:00","og_image":[{"width":766,"height":430,"url":"https:\/\/europeanlung.org\/wp-content\/uploads\/2021\/04\/IMG_9945.jpg","type":"image\/jpeg"}],"twitter_card":"summary_large_image","twitter_site":"@EuropeanLung","schema":{"@context":"https:\/\/schema.org","@graph":[{"@type":"WebPage","@id":"https:\/\/europeanlung.org\/es\/accessibility\/","url":"https:\/\/europeanlung.org\/es\/accessibility\/","name":"Accesibilidad | European Lung Foundation","isPartOf":{"@id":"https:\/\/europeanlung.org\/es\/#website"},"datePublished":"2021-03-25T07:31:46+00:00","dateModified":"2023-09-05T08:50:14+00:00","description":"Nuestro objetivo es garantizar que la mayor cantidad de contenido posible dentro de nuestro sitio web sea accesible para todos. Tambi\u00e9n se ha creado una gu\u00eda de ayuda para ayudar con la navegaci\u00f3n en el sitio.","breadcrumb":{"@id":"https:\/\/europeanlung.org\/es\/accessibility\/#breadcrumb"},"inLanguage":"es","potentialAction":[{"@type":"ReadAction","target":["https:\/\/europeanlung.org\/es\/accessibility\/"]}]},{"@type":"BreadcrumbList","@id":"https:\/\/europeanlung.org\/es\/accessibility\/#breadcrumb","itemListElement":[{"@type":"ListItem","position":1,"name":"Home","item":"https:\/\/europeanlung.org\/es\/"},{"@type":"ListItem","position":2,"name":"Accessibility"}]},{"@type":"WebSite","@id":"https:\/\/europeanlung.org\/es\/#website","url":"https:\/\/europeanlung.org\/es\/","name":"European Lung Foundation","description":"","publisher":{"@id":"https:\/\/europeanlung.org\/es\/#organization"},"potentialAction":[{"@type":"SearchAction","target":{"@type":"EntryPoint","urlTemplate":"https:\/\/europeanlung.org\/es\/?s={search_term_string}"},"query-input":{"@type":"PropertyValueSpecification","valueRequired":true,"valueName":"search_term_string"}}],"inLanguage":"es"},{"@type":"Organization","@id":"https:\/\/europeanlung.org\/es\/#organization","name":"European Lung Foundation","url":"https:\/\/europeanlung.org\/es\/","logo":{"@type":"ImageObject","inLanguage":"es","@id":"https:\/\/europeanlung.org\/es\/#\/schema\/logo\/image\/","url":"https:\/\/europeanlung.org\/wp-content\/uploads\/2021\/04\/IMG_9945.jpg","contentUrl":"https:\/\/europeanlung.org\/wp-content\/uploads\/2021\/04\/IMG_9945.jpg","width":766,"height":430,"caption":"European Lung Foundation"},"image":{"@id":"https:\/\/europeanlung.org\/es\/#\/schema\/logo\/image\/"},"sameAs":["https:\/\/www.facebook.com\/europeanlungfoundation","https:\/\/x.com\/EuropeanLung","https:\/\/www.instagram.com\/european_lung\/","https:\/\/www.linkedin.com\/company\/european-lung-foundation\/","https:\/\/www.youtube.com\/channel\/UCLd4kEScoQtBGhxVQAogNlQ"]}]}},"_links":{"self":[{"href":"https:\/\/europeanlung.org\/es\/wp-json\/wp\/v2\/pages\/31858","targetHints":{"allow":["GET"]}}],"collection":[{"href":"https:\/\/europeanlung.org\/es\/wp-json\/wp\/v2\/pages"}],"about":[{"href":"https:\/\/europeanlung.org\/es\/wp-json\/wp\/v2\/types\/page"}],"author":[{"embeddable":true,"href":"https:\/\/europeanlung.org\/es\/wp-json\/wp\/v2\/users\/1"}],"replies":[{"embeddable":true,"href":"https:\/\/europeanlung.org\/es\/wp-json\/wp\/v2\/comments?post=31858"}],"version-history":[{"count":1,"href":"https:\/\/europeanlung.org\/es\/wp-json\/wp\/v2\/pages\/31858\/revisions"}],"predecessor-version":[{"id":31859,"href":"https:\/\/europeanlung.org\/es\/wp-json\/wp\/v2\/pages\/31858\/revisions\/31859"}],"wp:attachment":[{"href":"https:\/\/europeanlung.org\/es\/wp-json\/wp\/v2\/media?parent=31858"}],"wp:term":[{"taxonomy":"category","embeddable":true,"href":"https:\/\/europeanlung.org\/es\/wp-json\/wp\/v2\/categories?post=31858"}],"curies":[{"name":"wp","href":"https:\/\/api.w.org\/{rel}","templated":true}]}}