{"id":31870,"date":"2021-03-25T07:22:06","date_gmt":"2021-03-25T07:22:06","guid":{"rendered":"https:\/\/europeanlung.org\/acceptable-use-policy\/"},"modified":"2023-09-05T11:54:24","modified_gmt":"2023-09-05T10:54:24","slug":"acceptable-use-policy","status":"publish","type":"page","link":"https:\/\/europeanlung.org\/fr\/acceptable-use-policy\/","title":{"rendered":"Acceptable use policy"},"content":{"rendered":"","protected":false},"excerpt":{"rendered":"","protected":false},"author":1,"featured_media":0,"parent":0,"menu_order":0,"comment_status":"closed","ping_status":"closed","template":"page-components.php","meta":{"_acf_changed":false,"footnotes":""},"categories":[],"class_list":["post-31870","page","type-page","status-publish","hentry"],"acf":[],"yoast_head":"<!-- This site is optimized with the Yoast SEO plugin v27.2 - https:\/\/yoast.com\/product\/yoast-seo-wordpress\/ -->\n<title>Politique d&#039;utilisation acceptable | European Lung Foundation<\/title>\n<meta name=\"description\" content=\"Notre politique d&#039;utilisation acceptable d\u00e9finit les conditions entre vous et nous en vertu desquelles vous pouvez acc\u00e9der \u00e0 notre site Web. Ceci concerne tous les utilisateurs et visiteurs de notre site\" \/>\n<meta name=\"robots\" content=\"index, follow, max-snippet:-1, max-image-preview:large, max-video-preview:-1\" \/>\n<meta property=\"og:locale\" content=\"fr_FR\" \/>\n<meta property=\"og:type\" content=\"article\" \/>\n<meta property=\"og:title\" content=\"Politique d&#039;utilisation acceptable | European Lung Foundation\" \/>\n<meta property=\"og:description\" content=\"Notre politique d&#039;utilisation acceptable d\u00e9finit les conditions entre vous et nous en vertu desquelles vous pouvez acc\u00e9der \u00e0 notre site Web. Ceci concerne tous les utilisateurs et visiteurs de notre site\" \/>\n<meta property=\"og:url\" content=\"https:\/\/europeanlung.org\/fr\/acceptable-use-policy\/\" \/>\n<meta property=\"og:site_name\" content=\"European Lung Foundation\" \/>\n<meta property=\"article:publisher\" content=\"https:\/\/www.facebook.com\/europeanlungfoundation\" \/>\n<meta property=\"article:modified_time\" content=\"2023-09-05T10:54:24+00:00\" \/>\n<meta property=\"og:image\" content=\"https:\/\/europeanlung.org\/wp-content\/uploads\/2021\/04\/IMG_9945.jpg\" \/>\n\t<meta property=\"og:image:width\" content=\"766\" \/>\n\t<meta property=\"og:image:height\" content=\"430\" \/>\n\t<meta property=\"og:image:type\" content=\"image\/jpeg\" \/>\n<meta name=\"twitter:card\" content=\"summary_large_image\" \/>\n<meta name=\"twitter:site\" content=\"@EuropeanLung\" \/>\n<script type=\"application\/ld+json\" class=\"yoast-schema-graph\">{\"@context\":\"https:\/\/schema.org\",\"@graph\":[{\"@type\":\"WebPage\",\"@id\":\"https:\/\/europeanlung.org\/fr\/acceptable-use-policy\/\",\"url\":\"https:\/\/europeanlung.org\/fr\/acceptable-use-policy\/\",\"name\":\"Politique d'utilisation acceptable | European Lung Foundation\",\"isPartOf\":{\"@id\":\"https:\/\/europeanlung.org\/fr\/#website\"},\"datePublished\":\"2021-03-25T07:22:06+00:00\",\"dateModified\":\"2023-09-05T10:54:24+00:00\",\"description\":\"Notre politique d'utilisation acceptable d\u00e9finit les conditions entre vous et nous en vertu desquelles vous pouvez acc\u00e9der \u00e0 notre site Web. Ceci concerne tous les utilisateurs et visiteurs de notre site\",\"breadcrumb\":{\"@id\":\"https:\/\/europeanlung.org\/fr\/acceptable-use-policy\/#breadcrumb\"},\"inLanguage\":\"fr-FR\",\"potentialAction\":[{\"@type\":\"ReadAction\",\"target\":[\"https:\/\/europeanlung.org\/fr\/acceptable-use-policy\/\"]}]},{\"@type\":\"BreadcrumbList\",\"@id\":\"https:\/\/europeanlung.org\/fr\/acceptable-use-policy\/#breadcrumb\",\"itemListElement\":[{\"@type\":\"ListItem\",\"position\":1,\"name\":\"Home\",\"item\":\"https:\/\/europeanlung.org\/fr\/\"},{\"@type\":\"ListItem\",\"position\":2,\"name\":\"Acceptable use policy\"}]},{\"@type\":\"WebSite\",\"@id\":\"https:\/\/europeanlung.org\/fr\/#website\",\"url\":\"https:\/\/europeanlung.org\/fr\/\",\"name\":\"European Lung Foundation\",\"description\":\"\",\"publisher\":{\"@id\":\"https:\/\/europeanlung.org\/fr\/#organization\"},\"potentialAction\":[{\"@type\":\"SearchAction\",\"target\":{\"@type\":\"EntryPoint\",\"urlTemplate\":\"https:\/\/europeanlung.org\/fr\/?s={search_term_string}\"},\"query-input\":{\"@type\":\"PropertyValueSpecification\",\"valueRequired\":true,\"valueName\":\"search_term_string\"}}],\"inLanguage\":\"fr-FR\"},{\"@type\":\"Organization\",\"@id\":\"https:\/\/europeanlung.org\/fr\/#organization\",\"name\":\"European Lung Foundation\",\"url\":\"https:\/\/europeanlung.org\/fr\/\",\"logo\":{\"@type\":\"ImageObject\",\"inLanguage\":\"fr-FR\",\"@id\":\"https:\/\/europeanlung.org\/fr\/#\/schema\/logo\/image\/\",\"url\":\"https:\/\/europeanlung.org\/wp-content\/uploads\/2021\/04\/IMG_9945.jpg\",\"contentUrl\":\"https:\/\/europeanlung.org\/wp-content\/uploads\/2021\/04\/IMG_9945.jpg\",\"width\":766,\"height\":430,\"caption\":\"European Lung Foundation\"},\"image\":{\"@id\":\"https:\/\/europeanlung.org\/fr\/#\/schema\/logo\/image\/\"},\"sameAs\":[\"https:\/\/www.facebook.com\/europeanlungfoundation\",\"https:\/\/x.com\/EuropeanLung\",\"https:\/\/www.instagram.com\/european_lung\/\",\"https:\/\/www.linkedin.com\/company\/european-lung-foundation\/\",\"https:\/\/www.youtube.com\/channel\/UCLd4kEScoQtBGhxVQAogNlQ\"]}]}<\/script>\n<!-- \/ Yoast SEO plugin. -->","yoast_head_json":{"title":"Politique d'utilisation acceptable | European Lung Foundation","description":"Notre politique d'utilisation acceptable d\u00e9finit les conditions entre vous et nous en vertu desquelles vous pouvez acc\u00e9der \u00e0 notre site Web. Ceci concerne tous les utilisateurs et visiteurs de notre site","robots":{"index":"index","follow":"follow","max-snippet":"max-snippet:-1","max-image-preview":"max-image-preview:large","max-video-preview":"max-video-preview:-1"},"og_locale":"fr_FR","og_type":"article","og_title":"Politique d'utilisation acceptable | European Lung Foundation","og_description":"Notre politique d'utilisation acceptable d\u00e9finit les conditions entre vous et nous en vertu desquelles vous pouvez acc\u00e9der \u00e0 notre site Web. Ceci concerne tous les utilisateurs et visiteurs de notre site","og_url":"https:\/\/europeanlung.org\/fr\/acceptable-use-policy\/","og_site_name":"European Lung Foundation","article_publisher":"https:\/\/www.facebook.com\/europeanlungfoundation","article_modified_time":"2023-09-05T10:54:24+00:00","og_image":[{"width":766,"height":430,"url":"https:\/\/europeanlung.org\/wp-content\/uploads\/2021\/04\/IMG_9945.jpg","type":"image\/jpeg"}],"twitter_card":"summary_large_image","twitter_site":"@EuropeanLung","schema":{"@context":"https:\/\/schema.org","@graph":[{"@type":"WebPage","@id":"https:\/\/europeanlung.org\/fr\/acceptable-use-policy\/","url":"https:\/\/europeanlung.org\/fr\/acceptable-use-policy\/","name":"Politique d'utilisation acceptable | European Lung Foundation","isPartOf":{"@id":"https:\/\/europeanlung.org\/fr\/#website"},"datePublished":"2021-03-25T07:22:06+00:00","dateModified":"2023-09-05T10:54:24+00:00","description":"Notre politique d'utilisation acceptable d\u00e9finit les conditions entre vous et nous en vertu desquelles vous pouvez acc\u00e9der \u00e0 notre site Web. Ceci concerne tous les utilisateurs et visiteurs de notre site","breadcrumb":{"@id":"https:\/\/europeanlung.org\/fr\/acceptable-use-policy\/#breadcrumb"},"inLanguage":"fr-FR","potentialAction":[{"@type":"ReadAction","target":["https:\/\/europeanlung.org\/fr\/acceptable-use-policy\/"]}]},{"@type":"BreadcrumbList","@id":"https:\/\/europeanlung.org\/fr\/acceptable-use-policy\/#breadcrumb","itemListElement":[{"@type":"ListItem","position":1,"name":"Home","item":"https:\/\/europeanlung.org\/fr\/"},{"@type":"ListItem","position":2,"name":"Acceptable use policy"}]},{"@type":"WebSite","@id":"https:\/\/europeanlung.org\/fr\/#website","url":"https:\/\/europeanlung.org\/fr\/","name":"European Lung Foundation","description":"","publisher":{"@id":"https:\/\/europeanlung.org\/fr\/#organization"},"potentialAction":[{"@type":"SearchAction","target":{"@type":"EntryPoint","urlTemplate":"https:\/\/europeanlung.org\/fr\/?s={search_term_string}"},"query-input":{"@type":"PropertyValueSpecification","valueRequired":true,"valueName":"search_term_string"}}],"inLanguage":"fr-FR"},{"@type":"Organization","@id":"https:\/\/europeanlung.org\/fr\/#organization","name":"European Lung Foundation","url":"https:\/\/europeanlung.org\/fr\/","logo":{"@type":"ImageObject","inLanguage":"fr-FR","@id":"https:\/\/europeanlung.org\/fr\/#\/schema\/logo\/image\/","url":"https:\/\/europeanlung.org\/wp-content\/uploads\/2021\/04\/IMG_9945.jpg","contentUrl":"https:\/\/europeanlung.org\/wp-content\/uploads\/2021\/04\/IMG_9945.jpg","width":766,"height":430,"caption":"European Lung Foundation"},"image":{"@id":"https:\/\/europeanlung.org\/fr\/#\/schema\/logo\/image\/"},"sameAs":["https:\/\/www.facebook.com\/europeanlungfoundation","https:\/\/x.com\/EuropeanLung","https:\/\/www.instagram.com\/european_lung\/","https:\/\/www.linkedin.com\/company\/european-lung-foundation\/","https:\/\/www.youtube.com\/channel\/UCLd4kEScoQtBGhxVQAogNlQ"]}]}},"_links":{"self":[{"href":"https:\/\/europeanlung.org\/fr\/wp-json\/wp\/v2\/pages\/31870","targetHints":{"allow":["GET"]}}],"collection":[{"href":"https:\/\/europeanlung.org\/fr\/wp-json\/wp\/v2\/pages"}],"about":[{"href":"https:\/\/europeanlung.org\/fr\/wp-json\/wp\/v2\/types\/page"}],"author":[{"embeddable":true,"href":"https:\/\/europeanlung.org\/fr\/wp-json\/wp\/v2\/users\/1"}],"replies":[{"embeddable":true,"href":"https:\/\/europeanlung.org\/fr\/wp-json\/wp\/v2\/comments?post=31870"}],"version-history":[{"count":1,"href":"https:\/\/europeanlung.org\/fr\/wp-json\/wp\/v2\/pages\/31870\/revisions"}],"predecessor-version":[{"id":31871,"href":"https:\/\/europeanlung.org\/fr\/wp-json\/wp\/v2\/pages\/31870\/revisions\/31871"}],"wp:attachment":[{"href":"https:\/\/europeanlung.org\/fr\/wp-json\/wp\/v2\/media?parent=31870"}],"wp:term":[{"taxonomy":"category","embeddable":true,"href":"https:\/\/europeanlung.org\/fr\/wp-json\/wp\/v2\/categories?post=31870"}],"curies":[{"name":"wp","href":"https:\/\/api.w.org\/{rel}","templated":true}]}}