{"id":57233,"date":"2023-05-05T11:04:00","date_gmt":"2023-05-05T10:04:00","guid":{"rendered":"https:\/\/europeanlung.org\/?page_id=57233"},"modified":"2024-03-18T13:50:43","modified_gmt":"2024-03-18T13:50:43","slug":"information-hub","status":"archive","type":"page","link":"https:\/\/europeanlung.org\/pl\/information-hub\/","title":{"rendered":"Information Hub"},"content":{"rendered":"","protected":false},"excerpt":{"rendered":"","protected":false},"author":1,"featured_media":0,"parent":0,"menu_order":25,"comment_status":"closed","ping_status":"closed","template":"page-components.php","meta":{"_acf_changed":false,"footnotes":""},"categories":[],"class_list":["post-57233","page","type-page","status-archive","hentry"],"acf":[],"yoast_head":"<!-- This site is optimized with the Yoast SEO plugin v27.2 - https:\/\/yoast.com\/product\/yoast-seo-wordpress\/ -->\n<title>Centrum informacji o chorobach p\u0142uc | European Lung Foundation<\/title>\n<meta name=\"description\" content=\"Kompleksowe centrum informacji o chorobach p\u0142uc dla pacjent\u00f3w, opiekun\u00f3w i bliskich. Tematy obejmuj\u0105: objawy, leczenie, Covid-19, podr\u00f3\u017ce i inicjatywy na rzecz zdrowych p\u0142uc\" \/>\n<meta name=\"robots\" content=\"index, follow, max-snippet:-1, max-image-preview:large, max-video-preview:-1\" \/>\n<meta property=\"og:locale\" content=\"pl_PL\" \/>\n<meta property=\"og:type\" content=\"article\" \/>\n<meta property=\"og:title\" content=\"Centrum informacji o chorobach p\u0142uc | European Lung Foundation\" \/>\n<meta property=\"og:description\" content=\"Kompleksowe centrum informacji o chorobach p\u0142uc dla pacjent\u00f3w, opiekun\u00f3w i bliskich. Tematy obejmuj\u0105: objawy, leczenie, Covid-19, podr\u00f3\u017ce i inicjatywy na rzecz zdrowych p\u0142uc\" \/>\n<meta property=\"og:url\" content=\"https:\/\/europeanlung.org\/pl\/information-hub\/\" \/>\n<meta property=\"og:site_name\" content=\"European Lung Foundation\" \/>\n<meta property=\"article:publisher\" content=\"https:\/\/www.facebook.com\/europeanlungfoundation\" \/>\n<meta property=\"article:modified_time\" content=\"2024-03-18T13:50:43+00:00\" \/>\n<meta property=\"og:image\" content=\"https:\/\/europeanlung.org\/wp-content\/uploads\/2021\/04\/IMG_9945.jpg\" \/>\n\t<meta property=\"og:image:width\" content=\"766\" \/>\n\t<meta property=\"og:image:height\" content=\"430\" \/>\n\t<meta property=\"og:image:type\" content=\"image\/jpeg\" \/>\n<meta name=\"twitter:card\" content=\"summary_large_image\" \/>\n<meta name=\"twitter:site\" content=\"@EuropeanLung\" \/>\n<script type=\"application\/ld+json\" class=\"yoast-schema-graph\">{\"@context\":\"https:\/\/schema.org\",\"@graph\":[{\"@type\":\"WebPage\",\"@id\":\"https:\/\/europeanlung.org\/pl\/information-hub\/\",\"url\":\"https:\/\/europeanlung.org\/pl\/information-hub\/\",\"name\":\"Centrum informacji o chorobach p\u0142uc | European Lung Foundation\",\"isPartOf\":{\"@id\":\"https:\/\/europeanlung.org\/pl\/#website\"},\"datePublished\":\"2023-05-05T10:04:00+00:00\",\"dateModified\":\"2024-03-18T13:50:43+00:00\",\"description\":\"Kompleksowe centrum informacji o chorobach p\u0142uc dla pacjent\u00f3w, opiekun\u00f3w i bliskich. Tematy obejmuj\u0105: objawy, leczenie, Covid-19, podr\u00f3\u017ce i inicjatywy na rzecz zdrowych p\u0142uc\",\"breadcrumb\":{\"@id\":\"https:\/\/europeanlung.org\/pl\/information-hub\/#breadcrumb\"},\"inLanguage\":\"pl-PL\",\"potentialAction\":[{\"@type\":\"ReadAction\",\"target\":[\"https:\/\/europeanlung.org\/pl\/information-hub\/\"]}]},{\"@type\":\"BreadcrumbList\",\"@id\":\"https:\/\/europeanlung.org\/pl\/information-hub\/#breadcrumb\",\"itemListElement\":[{\"@type\":\"ListItem\",\"position\":1,\"name\":\"Home\",\"item\":\"https:\/\/europeanlung.org\/pl\/\"},{\"@type\":\"ListItem\",\"position\":2,\"name\":\"Information Hub\"}]},{\"@type\":\"WebSite\",\"@id\":\"https:\/\/europeanlung.org\/pl\/#website\",\"url\":\"https:\/\/europeanlung.org\/pl\/\",\"name\":\"European Lung Foundation\",\"description\":\"\",\"publisher\":{\"@id\":\"https:\/\/europeanlung.org\/pl\/#organization\"},\"potentialAction\":[{\"@type\":\"SearchAction\",\"target\":{\"@type\":\"EntryPoint\",\"urlTemplate\":\"https:\/\/europeanlung.org\/pl\/?s={search_term_string}\"},\"query-input\":{\"@type\":\"PropertyValueSpecification\",\"valueRequired\":true,\"valueName\":\"search_term_string\"}}],\"inLanguage\":\"pl-PL\"},{\"@type\":\"Organization\",\"@id\":\"https:\/\/europeanlung.org\/pl\/#organization\",\"name\":\"European Lung Foundation\",\"url\":\"https:\/\/europeanlung.org\/pl\/\",\"logo\":{\"@type\":\"ImageObject\",\"inLanguage\":\"pl-PL\",\"@id\":\"https:\/\/europeanlung.org\/pl\/#\/schema\/logo\/image\/\",\"url\":\"https:\/\/europeanlung.org\/wp-content\/uploads\/2021\/04\/IMG_9945.jpg\",\"contentUrl\":\"https:\/\/europeanlung.org\/wp-content\/uploads\/2021\/04\/IMG_9945.jpg\",\"width\":766,\"height\":430,\"caption\":\"European Lung Foundation\"},\"image\":{\"@id\":\"https:\/\/europeanlung.org\/pl\/#\/schema\/logo\/image\/\"},\"sameAs\":[\"https:\/\/www.facebook.com\/europeanlungfoundation\",\"https:\/\/x.com\/EuropeanLung\",\"https:\/\/www.instagram.com\/european_lung\/\",\"https:\/\/www.linkedin.com\/company\/european-lung-foundation\/\",\"https:\/\/www.youtube.com\/channel\/UCLd4kEScoQtBGhxVQAogNlQ\"]}]}<\/script>\n<!-- \/ Yoast SEO plugin. -->","yoast_head_json":{"title":"Centrum informacji o chorobach p\u0142uc | European Lung Foundation","description":"Kompleksowe centrum informacji o chorobach p\u0142uc dla pacjent\u00f3w, opiekun\u00f3w i bliskich. Tematy obejmuj\u0105: objawy, leczenie, Covid-19, podr\u00f3\u017ce i inicjatywy na rzecz zdrowych p\u0142uc","robots":{"index":"index","follow":"follow","max-snippet":"max-snippet:-1","max-image-preview":"max-image-preview:large","max-video-preview":"max-video-preview:-1"},"og_locale":"pl_PL","og_type":"article","og_title":"Centrum informacji o chorobach p\u0142uc | European Lung Foundation","og_description":"Kompleksowe centrum informacji o chorobach p\u0142uc dla pacjent\u00f3w, opiekun\u00f3w i bliskich. Tematy obejmuj\u0105: objawy, leczenie, Covid-19, podr\u00f3\u017ce i inicjatywy na rzecz zdrowych p\u0142uc","og_url":"https:\/\/europeanlung.org\/pl\/information-hub\/","og_site_name":"European Lung Foundation","article_publisher":"https:\/\/www.facebook.com\/europeanlungfoundation","article_modified_time":"2024-03-18T13:50:43+00:00","og_image":[{"width":766,"height":430,"url":"https:\/\/europeanlung.org\/wp-content\/uploads\/2021\/04\/IMG_9945.jpg","type":"image\/jpeg"}],"twitter_card":"summary_large_image","twitter_site":"@EuropeanLung","schema":{"@context":"https:\/\/schema.org","@graph":[{"@type":"WebPage","@id":"https:\/\/europeanlung.org\/pl\/information-hub\/","url":"https:\/\/europeanlung.org\/pl\/information-hub\/","name":"Centrum informacji o chorobach p\u0142uc | European Lung Foundation","isPartOf":{"@id":"https:\/\/europeanlung.org\/pl\/#website"},"datePublished":"2023-05-05T10:04:00+00:00","dateModified":"2024-03-18T13:50:43+00:00","description":"Kompleksowe centrum informacji o chorobach p\u0142uc dla pacjent\u00f3w, opiekun\u00f3w i bliskich. Tematy obejmuj\u0105: objawy, leczenie, Covid-19, podr\u00f3\u017ce i inicjatywy na rzecz zdrowych p\u0142uc","breadcrumb":{"@id":"https:\/\/europeanlung.org\/pl\/information-hub\/#breadcrumb"},"inLanguage":"pl-PL","potentialAction":[{"@type":"ReadAction","target":["https:\/\/europeanlung.org\/pl\/information-hub\/"]}]},{"@type":"BreadcrumbList","@id":"https:\/\/europeanlung.org\/pl\/information-hub\/#breadcrumb","itemListElement":[{"@type":"ListItem","position":1,"name":"Home","item":"https:\/\/europeanlung.org\/pl\/"},{"@type":"ListItem","position":2,"name":"Information Hub"}]},{"@type":"WebSite","@id":"https:\/\/europeanlung.org\/pl\/#website","url":"https:\/\/europeanlung.org\/pl\/","name":"European Lung Foundation","description":"","publisher":{"@id":"https:\/\/europeanlung.org\/pl\/#organization"},"potentialAction":[{"@type":"SearchAction","target":{"@type":"EntryPoint","urlTemplate":"https:\/\/europeanlung.org\/pl\/?s={search_term_string}"},"query-input":{"@type":"PropertyValueSpecification","valueRequired":true,"valueName":"search_term_string"}}],"inLanguage":"pl-PL"},{"@type":"Organization","@id":"https:\/\/europeanlung.org\/pl\/#organization","name":"European Lung Foundation","url":"https:\/\/europeanlung.org\/pl\/","logo":{"@type":"ImageObject","inLanguage":"pl-PL","@id":"https:\/\/europeanlung.org\/pl\/#\/schema\/logo\/image\/","url":"https:\/\/europeanlung.org\/wp-content\/uploads\/2021\/04\/IMG_9945.jpg","contentUrl":"https:\/\/europeanlung.org\/wp-content\/uploads\/2021\/04\/IMG_9945.jpg","width":766,"height":430,"caption":"European Lung Foundation"},"image":{"@id":"https:\/\/europeanlung.org\/pl\/#\/schema\/logo\/image\/"},"sameAs":["https:\/\/www.facebook.com\/europeanlungfoundation","https:\/\/x.com\/EuropeanLung","https:\/\/www.instagram.com\/european_lung\/","https:\/\/www.linkedin.com\/company\/european-lung-foundation\/","https:\/\/www.youtube.com\/channel\/UCLd4kEScoQtBGhxVQAogNlQ"]}]}},"_links":{"self":[{"href":"https:\/\/europeanlung.org\/pl\/wp-json\/wp\/v2\/pages\/57233","targetHints":{"allow":["GET"]}}],"collection":[{"href":"https:\/\/europeanlung.org\/pl\/wp-json\/wp\/v2\/pages"}],"about":[{"href":"https:\/\/europeanlung.org\/pl\/wp-json\/wp\/v2\/types\/page"}],"author":[{"embeddable":true,"href":"https:\/\/europeanlung.org\/pl\/wp-json\/wp\/v2\/users\/1"}],"replies":[{"embeddable":true,"href":"https:\/\/europeanlung.org\/pl\/wp-json\/wp\/v2\/comments?post=57233"}],"version-history":[{"count":4,"href":"https:\/\/europeanlung.org\/pl\/wp-json\/wp\/v2\/pages\/57233\/revisions"}],"predecessor-version":[{"id":57709,"href":"https:\/\/europeanlung.org\/pl\/wp-json\/wp\/v2\/pages\/57233\/revisions\/57709"}],"wp:attachment":[{"href":"https:\/\/europeanlung.org\/pl\/wp-json\/wp\/v2\/media?parent=57233"}],"wp:term":[{"taxonomy":"category","embeddable":true,"href":"https:\/\/europeanlung.org\/pl\/wp-json\/wp\/v2\/categories?post=57233"}],"curies":[{"name":"wp","href":"https:\/\/api.w.org\/{rel}","templated":true}]}}