{"id":9907,"date":"2020-11-05T16:18:01","date_gmt":"2020-11-05T16:18:01","guid":{"rendered":"https:\/\/europeanlung.org\/information-hub\/lung-conditions\/"},"modified":"2023-08-31T12:02:28","modified_gmt":"2023-08-31T11:02:28","slug":"lung-conditions","status":"publish","type":"page","link":"https:\/\/europeanlung.org\/pt-pt\/information-hub\/lung-conditions\/","title":{"rendered":"Lung Conditions"},"content":{"rendered":"","protected":false},"excerpt":{"rendered":"","protected":false},"author":1,"featured_media":36608,"parent":57236,"menu_order":30,"comment_status":"closed","ping_status":"closed","template":"page-components.php","meta":{"_acf_changed":false,"footnotes":""},"categories":[],"class_list":["post-9907","page","type-page","status-publish","has-post-thumbnail","hentry"],"acf":[],"yoast_head":"<!-- This site is optimized with the Yoast SEO plugin v27.2 - https:\/\/yoast.com\/product\/yoast-seo-wordpress\/ -->\n<title>Doen\u00e7as pulmonares|Sintomas e Tratamentos|European Lung Foundation<\/title>\n<meta name=\"description\" content=\"As doen\u00e7as pulmonares s\u00e3o uma das maiores preocupa\u00e7\u00f5es de sa\u00fade do mundo. Fornecemos informa\u00e7\u00f5es detalhadas sobre sintomas e tratamento para todas as condi\u00e7\u00f5es, incluindo DPOC e asma\" \/>\n<meta name=\"robots\" content=\"index, follow, max-snippet:-1, max-image-preview:large, max-video-preview:-1\" \/>\n<meta property=\"og:locale\" content=\"pt_PT\" \/>\n<meta property=\"og:type\" content=\"article\" \/>\n<meta property=\"og:title\" content=\"Doen\u00e7as pulmonares|Sintomas e Tratamentos|European Lung Foundation\" \/>\n<meta property=\"og:description\" content=\"As doen\u00e7as pulmonares s\u00e3o uma das maiores preocupa\u00e7\u00f5es de sa\u00fade do mundo. Fornecemos informa\u00e7\u00f5es detalhadas sobre sintomas e tratamento para todas as condi\u00e7\u00f5es, incluindo DPOC e asma\" \/>\n<meta property=\"og:url\" content=\"https:\/\/europeanlung.org\/pt-pt\/information-hub\/lung-conditions\/\" \/>\n<meta property=\"og:site_name\" content=\"European Lung Foundation\" \/>\n<meta property=\"article:publisher\" content=\"https:\/\/www.facebook.com\/europeanlungfoundation\" \/>\n<meta property=\"article:modified_time\" content=\"2023-08-31T11:02:28+00:00\" \/>\n<meta property=\"og:image\" content=\"https:\/\/europeanlung.org\/wp-content\/uploads\/2021\/05\/3-e1618914976609-1.png\" \/>\n\t<meta property=\"og:image:width\" content=\"1077\" \/>\n\t<meta property=\"og:image:height\" content=\"455\" \/>\n\t<meta property=\"og:image:type\" content=\"image\/png\" \/>\n<meta name=\"twitter:card\" content=\"summary_large_image\" \/>\n<meta name=\"twitter:site\" content=\"@EuropeanLung\" \/>\n<script type=\"application\/ld+json\" class=\"yoast-schema-graph\">{\"@context\":\"https:\/\/schema.org\",\"@graph\":[{\"@type\":\"WebPage\",\"@id\":\"https:\/\/europeanlung.org\/pt-pt\/information-hub\/lung-conditions\/\",\"url\":\"https:\/\/europeanlung.org\/pt-pt\/information-hub\/lung-conditions\/\",\"name\":\"Doen\u00e7as pulmonares|Sintomas e Tratamentos|European Lung Foundation\",\"isPartOf\":{\"@id\":\"https:\/\/europeanlung.org\/pt-pt\/#website\"},\"primaryImageOfPage\":{\"@id\":\"https:\/\/europeanlung.org\/pt-pt\/information-hub\/lung-conditions\/#primaryimage\"},\"image\":{\"@id\":\"https:\/\/europeanlung.org\/pt-pt\/information-hub\/lung-conditions\/#primaryimage\"},\"thumbnailUrl\":\"https:\/\/europeanlung.org\/wp-content\/uploads\/2021\/05\/3-e1618914976609-1.png\",\"datePublished\":\"2020-11-05T16:18:01+00:00\",\"dateModified\":\"2023-08-31T11:02:28+00:00\",\"description\":\"As doen\u00e7as pulmonares s\u00e3o uma das maiores preocupa\u00e7\u00f5es de sa\u00fade do mundo. Fornecemos informa\u00e7\u00f5es detalhadas sobre sintomas e tratamento para todas as condi\u00e7\u00f5es, incluindo DPOC e asma\",\"breadcrumb\":{\"@id\":\"https:\/\/europeanlung.org\/pt-pt\/information-hub\/lung-conditions\/#breadcrumb\"},\"inLanguage\":\"pt-PT\",\"potentialAction\":[{\"@type\":\"ReadAction\",\"target\":[\"https:\/\/europeanlung.org\/pt-pt\/information-hub\/lung-conditions\/\"]}]},{\"@type\":\"ImageObject\",\"inLanguage\":\"pt-PT\",\"@id\":\"https:\/\/europeanlung.org\/pt-pt\/information-hub\/lung-conditions\/#primaryimage\",\"url\":\"https:\/\/europeanlung.org\/wp-content\/uploads\/2021\/05\/3-e1618914976609-1.png\",\"contentUrl\":\"https:\/\/europeanlung.org\/wp-content\/uploads\/2021\/05\/3-e1618914976609-1.png\",\"width\":1077,\"height\":455},{\"@type\":\"BreadcrumbList\",\"@id\":\"https:\/\/europeanlung.org\/pt-pt\/information-hub\/lung-conditions\/#breadcrumb\",\"itemListElement\":[{\"@type\":\"ListItem\",\"position\":1,\"name\":\"Home\",\"item\":\"https:\/\/europeanlung.org\/pt-pt\/\"},{\"@type\":\"ListItem\",\"position\":2,\"name\":\"Information Hub\",\"item\":\"https:\/\/europeanlung.org\/pt-pt\/information-hub\/\"},{\"@type\":\"ListItem\",\"position\":3,\"name\":\"Lung Conditions\"}]},{\"@type\":\"WebSite\",\"@id\":\"https:\/\/europeanlung.org\/pt-pt\/#website\",\"url\":\"https:\/\/europeanlung.org\/pt-pt\/\",\"name\":\"European Lung Foundation\",\"description\":\"\",\"publisher\":{\"@id\":\"https:\/\/europeanlung.org\/pt-pt\/#organization\"},\"potentialAction\":[{\"@type\":\"SearchAction\",\"target\":{\"@type\":\"EntryPoint\",\"urlTemplate\":\"https:\/\/europeanlung.org\/pt-pt\/?s={search_term_string}\"},\"query-input\":{\"@type\":\"PropertyValueSpecification\",\"valueRequired\":true,\"valueName\":\"search_term_string\"}}],\"inLanguage\":\"pt-PT\"},{\"@type\":\"Organization\",\"@id\":\"https:\/\/europeanlung.org\/pt-pt\/#organization\",\"name\":\"European Lung Foundation\",\"url\":\"https:\/\/europeanlung.org\/pt-pt\/\",\"logo\":{\"@type\":\"ImageObject\",\"inLanguage\":\"pt-PT\",\"@id\":\"https:\/\/europeanlung.org\/pt-pt\/#\/schema\/logo\/image\/\",\"url\":\"https:\/\/europeanlung.org\/wp-content\/uploads\/2021\/04\/IMG_9945.jpg\",\"contentUrl\":\"https:\/\/europeanlung.org\/wp-content\/uploads\/2021\/04\/IMG_9945.jpg\",\"width\":766,\"height\":430,\"caption\":\"European Lung Foundation\"},\"image\":{\"@id\":\"https:\/\/europeanlung.org\/pt-pt\/#\/schema\/logo\/image\/\"},\"sameAs\":[\"https:\/\/www.facebook.com\/europeanlungfoundation\",\"https:\/\/x.com\/EuropeanLung\",\"https:\/\/www.instagram.com\/european_lung\/\",\"https:\/\/www.linkedin.com\/company\/european-lung-foundation\/\",\"https:\/\/www.youtube.com\/channel\/UCLd4kEScoQtBGhxVQAogNlQ\"]}]}<\/script>\n<!-- \/ Yoast SEO plugin. -->","yoast_head_json":{"title":"Doen\u00e7as pulmonares|Sintomas e Tratamentos|European Lung Foundation","description":"As doen\u00e7as pulmonares s\u00e3o uma das maiores preocupa\u00e7\u00f5es de sa\u00fade do mundo. Fornecemos informa\u00e7\u00f5es detalhadas sobre sintomas e tratamento para todas as condi\u00e7\u00f5es, incluindo DPOC e asma","robots":{"index":"index","follow":"follow","max-snippet":"max-snippet:-1","max-image-preview":"max-image-preview:large","max-video-preview":"max-video-preview:-1"},"og_locale":"pt_PT","og_type":"article","og_title":"Doen\u00e7as pulmonares|Sintomas e Tratamentos|European Lung Foundation","og_description":"As doen\u00e7as pulmonares s\u00e3o uma das maiores preocupa\u00e7\u00f5es de sa\u00fade do mundo. Fornecemos informa\u00e7\u00f5es detalhadas sobre sintomas e tratamento para todas as condi\u00e7\u00f5es, incluindo DPOC e asma","og_url":"https:\/\/europeanlung.org\/pt-pt\/information-hub\/lung-conditions\/","og_site_name":"European Lung Foundation","article_publisher":"https:\/\/www.facebook.com\/europeanlungfoundation","article_modified_time":"2023-08-31T11:02:28+00:00","og_image":[{"width":1077,"height":455,"url":"https:\/\/europeanlung.org\/wp-content\/uploads\/2021\/05\/3-e1618914976609-1.png","type":"image\/png"}],"twitter_card":"summary_large_image","twitter_site":"@EuropeanLung","schema":{"@context":"https:\/\/schema.org","@graph":[{"@type":"WebPage","@id":"https:\/\/europeanlung.org\/pt-pt\/information-hub\/lung-conditions\/","url":"https:\/\/europeanlung.org\/pt-pt\/information-hub\/lung-conditions\/","name":"Doen\u00e7as pulmonares|Sintomas e Tratamentos|European Lung Foundation","isPartOf":{"@id":"https:\/\/europeanlung.org\/pt-pt\/#website"},"primaryImageOfPage":{"@id":"https:\/\/europeanlung.org\/pt-pt\/information-hub\/lung-conditions\/#primaryimage"},"image":{"@id":"https:\/\/europeanlung.org\/pt-pt\/information-hub\/lung-conditions\/#primaryimage"},"thumbnailUrl":"https:\/\/europeanlung.org\/wp-content\/uploads\/2021\/05\/3-e1618914976609-1.png","datePublished":"2020-11-05T16:18:01+00:00","dateModified":"2023-08-31T11:02:28+00:00","description":"As doen\u00e7as pulmonares s\u00e3o uma das maiores preocupa\u00e7\u00f5es de sa\u00fade do mundo. Fornecemos informa\u00e7\u00f5es detalhadas sobre sintomas e tratamento para todas as condi\u00e7\u00f5es, incluindo DPOC e asma","breadcrumb":{"@id":"https:\/\/europeanlung.org\/pt-pt\/information-hub\/lung-conditions\/#breadcrumb"},"inLanguage":"pt-PT","potentialAction":[{"@type":"ReadAction","target":["https:\/\/europeanlung.org\/pt-pt\/information-hub\/lung-conditions\/"]}]},{"@type":"ImageObject","inLanguage":"pt-PT","@id":"https:\/\/europeanlung.org\/pt-pt\/information-hub\/lung-conditions\/#primaryimage","url":"https:\/\/europeanlung.org\/wp-content\/uploads\/2021\/05\/3-e1618914976609-1.png","contentUrl":"https:\/\/europeanlung.org\/wp-content\/uploads\/2021\/05\/3-e1618914976609-1.png","width":1077,"height":455},{"@type":"BreadcrumbList","@id":"https:\/\/europeanlung.org\/pt-pt\/information-hub\/lung-conditions\/#breadcrumb","itemListElement":[{"@type":"ListItem","position":1,"name":"Home","item":"https:\/\/europeanlung.org\/pt-pt\/"},{"@type":"ListItem","position":2,"name":"Information Hub","item":"https:\/\/europeanlung.org\/pt-pt\/information-hub\/"},{"@type":"ListItem","position":3,"name":"Lung Conditions"}]},{"@type":"WebSite","@id":"https:\/\/europeanlung.org\/pt-pt\/#website","url":"https:\/\/europeanlung.org\/pt-pt\/","name":"European Lung Foundation","description":"","publisher":{"@id":"https:\/\/europeanlung.org\/pt-pt\/#organization"},"potentialAction":[{"@type":"SearchAction","target":{"@type":"EntryPoint","urlTemplate":"https:\/\/europeanlung.org\/pt-pt\/?s={search_term_string}"},"query-input":{"@type":"PropertyValueSpecification","valueRequired":true,"valueName":"search_term_string"}}],"inLanguage":"pt-PT"},{"@type":"Organization","@id":"https:\/\/europeanlung.org\/pt-pt\/#organization","name":"European Lung Foundation","url":"https:\/\/europeanlung.org\/pt-pt\/","logo":{"@type":"ImageObject","inLanguage":"pt-PT","@id":"https:\/\/europeanlung.org\/pt-pt\/#\/schema\/logo\/image\/","url":"https:\/\/europeanlung.org\/wp-content\/uploads\/2021\/04\/IMG_9945.jpg","contentUrl":"https:\/\/europeanlung.org\/wp-content\/uploads\/2021\/04\/IMG_9945.jpg","width":766,"height":430,"caption":"European Lung Foundation"},"image":{"@id":"https:\/\/europeanlung.org\/pt-pt\/#\/schema\/logo\/image\/"},"sameAs":["https:\/\/www.facebook.com\/europeanlungfoundation","https:\/\/x.com\/EuropeanLung","https:\/\/www.instagram.com\/european_lung\/","https:\/\/www.linkedin.com\/company\/european-lung-foundation\/","https:\/\/www.youtube.com\/channel\/UCLd4kEScoQtBGhxVQAogNlQ"]}]}},"_links":{"self":[{"href":"https:\/\/europeanlung.org\/pt-pt\/wp-json\/wp\/v2\/pages\/9907","targetHints":{"allow":["GET"]}}],"collection":[{"href":"https:\/\/europeanlung.org\/pt-pt\/wp-json\/wp\/v2\/pages"}],"about":[{"href":"https:\/\/europeanlung.org\/pt-pt\/wp-json\/wp\/v2\/types\/page"}],"author":[{"embeddable":true,"href":"https:\/\/europeanlung.org\/pt-pt\/wp-json\/wp\/v2\/users\/1"}],"replies":[{"embeddable":true,"href":"https:\/\/europeanlung.org\/pt-pt\/wp-json\/wp\/v2\/comments?post=9907"}],"version-history":[{"count":5,"href":"https:\/\/europeanlung.org\/pt-pt\/wp-json\/wp\/v2\/pages\/9907\/revisions"}],"predecessor-version":[{"id":36982,"href":"https:\/\/europeanlung.org\/pt-pt\/wp-json\/wp\/v2\/pages\/9907\/revisions\/36982"}],"up":[{"embeddable":true,"href":"https:\/\/europeanlung.org\/pt-pt\/wp-json\/wp\/v2\/pages\/57236"}],"wp:featuredmedia":[{"embeddable":true,"href":"https:\/\/europeanlung.org\/pt-pt\/wp-json\/wp\/v2\/media\/36608"}],"wp:attachment":[{"href":"https:\/\/europeanlung.org\/pt-pt\/wp-json\/wp\/v2\/media?parent=9907"}],"wp:term":[{"taxonomy":"category","embeddable":true,"href":"https:\/\/europeanlung.org\/pt-pt\/wp-json\/wp\/v2\/categories?post=9907"}],"curies":[{"name":"wp","href":"https:\/\/api.w.org\/{rel}","templated":true}]}}